{"id":74,"date":"2015-06-23T11:02:53","date_gmt":"2015-06-23T11:02:53","guid":{"rendered":"http:\/\/wp.magnium-themes.com\/piemont\/piemont-1\/?page_id=74"},"modified":"2016-04-27T15:05:45","modified_gmt":"2016-04-27T14:05:45","slug":"nous-contacter","status":"publish","type":"page","link":"https:\/\/www.levingtdeux.com\/blog\/nous-contacter\/","title":{"rendered":"Nous contacter"},"content":{"rendered":"<p>Vous cuisinez et souhaitez savoir quelle bouteille ouvrir ? Au contraire, vous avez retrouv\u00e9 une belle bouteille et d\u00e9sirez savoir quel plat servir avec cette p\u00e9pite ?<\/p>\n<p>Vous voulez en savoir plus sur un c\u00e9page, une appellation ou un de nos domaines ?<\/p>\n<p>Vous avez des questions concernant un achat sur notre boutique du vingt-deux ?<\/p>\n<p>&nbsp;<\/p>\n<p>Nous sommes l\u00e0 pour r\u00e9pondre \u00e0 ces questions ! Vous pouvez nous contacter par t\u00e9l\u00e9phone au 01.80.91.60.41, par mail \u00e0\u00a0<strong>serviceclients@levingtdeux.com\u00a0<\/strong>ou nous laisser un message ci-dessous !<\/p>\n<hr \/>\n<h2>Nous envoyer un message<\/h2>\n<div role=\"form\" class=\"wpcf7\" id=\"wpcf7-f141-o1\" lang=\"en-US\" dir=\"ltr\">\n<div class=\"screen-reader-response\"><p role=\"status\" aria-live=\"polite\" aria-atomic=\"true\"><\/p> <ul><\/ul><\/div>\n<form action=\"\/blog\/wp-json\/wp\/v2\/pages\/74#wpcf7-f141-o1\" method=\"post\" class=\"wpcf7-form init\" novalidate=\"novalidate\" data-status=\"init\">\n<div style=\"display: none;\">\n<input type=\"hidden\" name=\"_wpcf7\" value=\"141\" \/>\n<input type=\"hidden\" name=\"_wpcf7_version\" value=\"5.4.2\" \/>\n<input type=\"hidden\" name=\"_wpcf7_locale\" value=\"en_US\" \/>\n<input type=\"hidden\" name=\"_wpcf7_unit_tag\" value=\"wpcf7-f141-o1\" \/>\n<input type=\"hidden\" name=\"_wpcf7_container_post\" value=\"0\" \/>\n<input type=\"hidden\" name=\"_wpcf7_posted_data_hash\" value=\"\" \/>\n<\/div>\n<p>Votre nom (requis)<br \/>\n    <span class=\"wpcf7-form-control-wrap Votre-nom\"><input type=\"text\" name=\"Votre-nom\" value=\"\" size=\"40\" class=\"wpcf7-form-control wpcf7-text wpcf7-validates-as-required\" aria-required=\"true\" aria-invalid=\"false\" \/><\/span> <\/p>\n<p>Votre email (requis)<br \/>\n    <span class=\"wpcf7-form-control-wrap Votre-email\"><input type=\"email\" name=\"Votre-email\" value=\"\" size=\"40\" class=\"wpcf7-form-control wpcf7-text wpcf7-email wpcf7-validates-as-required wpcf7-validates-as-email\" aria-required=\"true\" aria-invalid=\"false\" \/><\/span> <\/p>\n<p>Sujet<br \/>\n    <span class=\"wpcf7-form-control-wrap subject\"><input type=\"text\" name=\"subject\" value=\"\" size=\"40\" class=\"wpcf7-form-control wpcf7-text\" aria-invalid=\"false\" \/><\/span> <\/p>\n<p>Votre message<br \/>\n    <span class=\"wpcf7-form-control-wrap votre-message\"><textarea name=\"votre-message\" cols=\"40\" rows=\"10\" class=\"wpcf7-form-control wpcf7-textarea\" aria-invalid=\"false\"><\/textarea><\/span> <\/p>\n<p><input type=\"submit\" value=\"Envoyer\" class=\"wpcf7-form-control wpcf7-submit\" \/><\/p>\n<div class=\"wpcf7-response-output\" aria-hidden=\"true\"><\/div><\/form><\/div>\n<p>&nbsp;<\/p>\n","protected":false},"excerpt":{"rendered":"<p>Vous cuisinez et souhaitez savoir quelle bouteille ouvrir ? Au contraire, vous avez retrouv\u00e9 une belle bouteille et d\u00e9sirez savoir quel plat servir avec cette p\u00e9pite ? Vous voulez en savoir plus sur un c\u00e9page, une appellation ou un de&#8230;<\/p>\n","protected":false},"author":1,"featured_media":0,"parent":0,"menu_order":0,"comment_status":"closed","ping_status":"closed","template":"","meta":[],"yoast_head":"<!-- This site is optimized with the Yoast SEO plugin v16.7 - https:\/\/yoast.com\/wordpress\/plugins\/seo\/ -->\n<meta name=\"robots\" content=\"index, follow, max-snippet:-1, max-image-preview:large, max-video-preview:-1\" \/>\n<link rel=\"canonical\" href=\"https:\/\/www.levingtdeux.com\/blog\/nous-contacter\/\" \/>\n<meta property=\"og:locale\" content=\"fr_FR\" \/>\n<meta property=\"og:type\" content=\"article\" \/>\n<meta property=\"og:title\" content=\"Nous contacter - Levingtdeux-Blog\" \/>\n<meta property=\"og:description\" content=\"Vous cuisinez et souhaitez savoir quelle bouteille ouvrir ? Au contraire, vous avez retrouv\u00e9 une belle bouteille et d\u00e9sirez savoir quel plat servir avec cette p\u00e9pite ? Vous voulez en savoir plus sur un c\u00e9page, une appellation ou un de...\" \/>\n<meta property=\"og:url\" content=\"https:\/\/www.levingtdeux.com\/blog\/nous-contacter\/\" \/>\n<meta property=\"og:site_name\" content=\"Levingtdeux-Blog\" \/>\n<meta property=\"article:modified_time\" content=\"2016-04-27T14:05:45+00:00\" \/>\n<meta name=\"twitter:card\" content=\"summary_large_image\" \/>\n<script type=\"application\/ld+json\" class=\"yoast-schema-graph\">{\"@context\":\"https:\/\/schema.org\",\"@graph\":[{\"@type\":\"WebSite\",\"@id\":\"https:\/\/www.levingtdeux.com\/blog\/#website\",\"url\":\"https:\/\/www.levingtdeux.com\/blog\/\",\"name\":\"Levingtdeux-Blog\",\"description\":\"Du vin, du vin, mais pas que\",\"potentialAction\":[{\"@type\":\"SearchAction\",\"target\":{\"@type\":\"EntryPoint\",\"urlTemplate\":\"https:\/\/www.levingtdeux.com\/blog\/?s={search_term_string}\"},\"query-input\":\"required name=search_term_string\"}],\"inLanguage\":\"fr-FR\"},{\"@type\":\"WebPage\",\"@id\":\"https:\/\/www.levingtdeux.com\/blog\/nous-contacter\/#webpage\",\"url\":\"https:\/\/www.levingtdeux.com\/blog\/nous-contacter\/\",\"name\":\"Nous contacter - Levingtdeux-Blog\",\"isPartOf\":{\"@id\":\"https:\/\/www.levingtdeux.com\/blog\/#website\"},\"datePublished\":\"2015-06-23T11:02:53+00:00\",\"dateModified\":\"2016-04-27T14:05:45+00:00\",\"breadcrumb\":{\"@id\":\"https:\/\/www.levingtdeux.com\/blog\/nous-contacter\/#breadcrumb\"},\"inLanguage\":\"fr-FR\",\"potentialAction\":[{\"@type\":\"ReadAction\",\"target\":[\"https:\/\/www.levingtdeux.com\/blog\/nous-contacter\/\"]}]},{\"@type\":\"BreadcrumbList\",\"@id\":\"https:\/\/www.levingtdeux.com\/blog\/nous-contacter\/#breadcrumb\",\"itemListElement\":[{\"@type\":\"ListItem\",\"position\":1,\"name\":\"Accueil\",\"item\":\"https:\/\/www.levingtdeux.com\/blog\/\"},{\"@type\":\"ListItem\",\"position\":2,\"name\":\"Nous contacter\"}]}]}<\/script>\n<!-- \/ Yoast SEO plugin. -->","yoast_head_json":{"robots":{"index":"index","follow":"follow","max-snippet":"max-snippet:-1","max-image-preview":"max-image-preview:large","max-video-preview":"max-video-preview:-1"},"canonical":"https:\/\/www.levingtdeux.com\/blog\/nous-contacter\/","og_locale":"fr_FR","og_type":"article","og_title":"Nous contacter - Levingtdeux-Blog","og_description":"Vous cuisinez et souhaitez savoir quelle bouteille ouvrir ? Au contraire, vous avez retrouv\u00e9 une belle bouteille et d\u00e9sirez savoir quel plat servir avec cette p\u00e9pite ? Vous voulez en savoir plus sur un c\u00e9page, une appellation ou un de...","og_url":"https:\/\/www.levingtdeux.com\/blog\/nous-contacter\/","og_site_name":"Levingtdeux-Blog","article_modified_time":"2016-04-27T14:05:45+00:00","twitter_card":"summary_large_image","schema":{"@context":"https:\/\/schema.org","@graph":[{"@type":"WebSite","@id":"https:\/\/www.levingtdeux.com\/blog\/#website","url":"https:\/\/www.levingtdeux.com\/blog\/","name":"Levingtdeux-Blog","description":"Du vin, du vin, mais pas que","potentialAction":[{"@type":"SearchAction","target":{"@type":"EntryPoint","urlTemplate":"https:\/\/www.levingtdeux.com\/blog\/?s={search_term_string}"},"query-input":"required name=search_term_string"}],"inLanguage":"fr-FR"},{"@type":"WebPage","@id":"https:\/\/www.levingtdeux.com\/blog\/nous-contacter\/#webpage","url":"https:\/\/www.levingtdeux.com\/blog\/nous-contacter\/","name":"Nous contacter - Levingtdeux-Blog","isPartOf":{"@id":"https:\/\/www.levingtdeux.com\/blog\/#website"},"datePublished":"2015-06-23T11:02:53+00:00","dateModified":"2016-04-27T14:05:45+00:00","breadcrumb":{"@id":"https:\/\/www.levingtdeux.com\/blog\/nous-contacter\/#breadcrumb"},"inLanguage":"fr-FR","potentialAction":[{"@type":"ReadAction","target":["https:\/\/www.levingtdeux.com\/blog\/nous-contacter\/"]}]},{"@type":"BreadcrumbList","@id":"https:\/\/www.levingtdeux.com\/blog\/nous-contacter\/#breadcrumb","itemListElement":[{"@type":"ListItem","position":1,"name":"Accueil","item":"https:\/\/www.levingtdeux.com\/blog\/"},{"@type":"ListItem","position":2,"name":"Nous contacter"}]}]}},"_links":{"self":[{"href":"https:\/\/www.levingtdeux.com\/blog\/wp-json\/wp\/v2\/pages\/74"}],"collection":[{"href":"https:\/\/www.levingtdeux.com\/blog\/wp-json\/wp\/v2\/pages"}],"about":[{"href":"https:\/\/www.levingtdeux.com\/blog\/wp-json\/wp\/v2\/types\/page"}],"author":[{"embeddable":true,"href":"https:\/\/www.levingtdeux.com\/blog\/wp-json\/wp\/v2\/users\/1"}],"replies":[{"embeddable":true,"href":"https:\/\/www.levingtdeux.com\/blog\/wp-json\/wp\/v2\/comments?post=74"}],"version-history":[{"count":5,"href":"https:\/\/www.levingtdeux.com\/blog\/wp-json\/wp\/v2\/pages\/74\/revisions"}],"predecessor-version":[{"id":451,"href":"https:\/\/www.levingtdeux.com\/blog\/wp-json\/wp\/v2\/pages\/74\/revisions\/451"}],"wp:attachment":[{"href":"https:\/\/www.levingtdeux.com\/blog\/wp-json\/wp\/v2\/media?parent=74"}],"curies":[{"name":"wp","href":"https:\/\/api.w.org\/{rel}","templated":true}]}}