{"id":76,"date":"2015-06-23T11:03:20","date_gmt":"2015-06-23T11:03:20","guid":{"rendered":"http:\/\/wp.magnium-themes.com\/piemont\/piemont-1\/?page_id=76"},"modified":"2018-07-19T15:19:17","modified_gmt":"2018-07-19T14:19:17","slug":"notre-equipe","status":"publish","type":"page","link":"https:\/\/www.levingtdeux.com\/blog\/notre-equipe\/","title":{"rendered":"Notre \u00e9quipe"},"content":{"rendered":"<h2 style=\"text-align: center;\">Bienvenue sur le blog du vingt-deux !<\/h2>\n<p style=\"text-align: justify;\">Le vingt-deux, c&rsquo;est avant tout une \u00e9quipe de passionn\u00e9s de vin, qui a cr\u00e9\u00e9 en 2014 un site de vente de vins en ligne: www.levingtdeux.com ; puis en 2016, une cave \u00e0 Montreuil (93).<\/p>\n<p style=\"text-align: justify;\">L&rsquo;envie de faire d\u00e9couvrir des grands vins mythiques tout comme des petits vignerons talentueux \u00e9tait \u00e0 l&rsquo;origine de cette aventure. Aujourd&rsquo;hui, en plus du site compos\u00e9 d&rsquo;environ 700 r\u00e9f\u00e9rences de toutes les r\u00e9gions de France et du monde, le vingt-deux propose des ateliers d&rsquo;initiation et de d\u00e9gustation.<\/p>\n<p style=\"text-align: justify;\">Cette volont\u00e9 de partager le savoir est la passion du vin est mat\u00e9rialis\u00e9e avec ce blog. Vous y trouverez des articles ludiques, des informations sur le vin, les c\u00e9pages, les r\u00e9gions, la gastronomie&#8230; Nous sommes heureux de partager tout cela avec vous, et vous souhaitons une bonne visite !<\/p>\n<p><img loading=\"lazy\" class=\"aligncenter size-large wp-image-1175\" src=\"http:\/\/www.levingtdeux.com\/blog\/wp-content\/uploads\/2018\/07\/equipe-1024x576.jpg\" alt=\"\" width=\"810\" height=\"456\" srcset=\"https:\/\/www.levingtdeux.com\/blog\/wp-content\/uploads\/2018\/07\/equipe-1024x576.jpg 1024w, https:\/\/www.levingtdeux.com\/blog\/wp-content\/uploads\/2018\/07\/equipe-600x338.jpg 600w, https:\/\/www.levingtdeux.com\/blog\/wp-content\/uploads\/2018\/07\/equipe-300x169.jpg 300w, https:\/\/www.levingtdeux.com\/blog\/wp-content\/uploads\/2018\/07\/equipe-768x432.jpg 768w, https:\/\/www.levingtdeux.com\/blog\/wp-content\/uploads\/2018\/07\/equipe.jpg 1280w\" sizes=\"(max-width: 810px) 100vw, 810px\" \/><\/p>\n","protected":false},"excerpt":{"rendered":"<p>Bienvenue sur le blog du vingt-deux ! Le vingt-deux, c&rsquo;est avant tout une \u00e9quipe de passionn\u00e9s de vin, qui a cr\u00e9\u00e9 en 2014 un site de vente de vins en ligne: www.levingtdeux.com ; puis en 2016, une cave \u00e0 Montreuil&#8230;<\/p>\n","protected":false},"author":1,"featured_media":0,"parent":0,"menu_order":0,"comment_status":"closed","ping_status":"closed","template":"","meta":[],"yoast_head":"<!-- This site is optimized with the Yoast SEO plugin v16.7 - https:\/\/yoast.com\/wordpress\/plugins\/seo\/ -->\n<meta name=\"robots\" content=\"index, follow, max-snippet:-1, max-image-preview:large, max-video-preview:-1\" \/>\n<link rel=\"canonical\" href=\"https:\/\/www.levingtdeux.com\/blog\/notre-equipe\/\" \/>\n<meta property=\"og:locale\" content=\"fr_FR\" \/>\n<meta property=\"og:type\" content=\"article\" \/>\n<meta property=\"og:title\" content=\"Notre \u00e9quipe - Levingtdeux-Blog\" \/>\n<meta property=\"og:description\" content=\"Bienvenue sur le blog du vingt-deux ! Le vingt-deux, c&rsquo;est avant tout une \u00e9quipe de passionn\u00e9s de vin, qui a cr\u00e9\u00e9 en 2014 un site de vente de vins en ligne: www.levingtdeux.com ; puis en 2016, une cave \u00e0 Montreuil...\" \/>\n<meta property=\"og:url\" content=\"https:\/\/www.levingtdeux.com\/blog\/notre-equipe\/\" \/>\n<meta property=\"og:site_name\" content=\"Levingtdeux-Blog\" \/>\n<meta property=\"article:modified_time\" content=\"2018-07-19T14:19:17+00:00\" \/>\n<meta property=\"og:image\" content=\"http:\/\/www.levingtdeux.com\/blog\/wp-content\/uploads\/2018\/07\/equipe-1024x576.jpg\" \/>\n<meta name=\"twitter:card\" content=\"summary_large_image\" \/>\n<meta name=\"twitter:label1\" content=\"Dur\u00e9e de lecture est.\" \/>\n\t<meta name=\"twitter:data1\" content=\"1 minute\" \/>\n<script type=\"application\/ld+json\" class=\"yoast-schema-graph\">{\"@context\":\"https:\/\/schema.org\",\"@graph\":[{\"@type\":\"WebSite\",\"@id\":\"https:\/\/www.levingtdeux.com\/blog\/#website\",\"url\":\"https:\/\/www.levingtdeux.com\/blog\/\",\"name\":\"Levingtdeux-Blog\",\"description\":\"Du vin, du vin, mais pas que\",\"potentialAction\":[{\"@type\":\"SearchAction\",\"target\":{\"@type\":\"EntryPoint\",\"urlTemplate\":\"https:\/\/www.levingtdeux.com\/blog\/?s={search_term_string}\"},\"query-input\":\"required name=search_term_string\"}],\"inLanguage\":\"fr-FR\"},{\"@type\":\"ImageObject\",\"@id\":\"https:\/\/www.levingtdeux.com\/blog\/notre-equipe\/#primaryimage\",\"inLanguage\":\"fr-FR\",\"url\":\"http:\/\/www.levingtdeux.com\/blog\/wp-content\/uploads\/2018\/07\/equipe-1024x576.jpg\",\"contentUrl\":\"http:\/\/www.levingtdeux.com\/blog\/wp-content\/uploads\/2018\/07\/equipe-1024x576.jpg\"},{\"@type\":\"WebPage\",\"@id\":\"https:\/\/www.levingtdeux.com\/blog\/notre-equipe\/#webpage\",\"url\":\"https:\/\/www.levingtdeux.com\/blog\/notre-equipe\/\",\"name\":\"Notre \\u00e9quipe - Levingtdeux-Blog\",\"isPartOf\":{\"@id\":\"https:\/\/www.levingtdeux.com\/blog\/#website\"},\"primaryImageOfPage\":{\"@id\":\"https:\/\/www.levingtdeux.com\/blog\/notre-equipe\/#primaryimage\"},\"datePublished\":\"2015-06-23T11:03:20+00:00\",\"dateModified\":\"2018-07-19T14:19:17+00:00\",\"breadcrumb\":{\"@id\":\"https:\/\/www.levingtdeux.com\/blog\/notre-equipe\/#breadcrumb\"},\"inLanguage\":\"fr-FR\",\"potentialAction\":[{\"@type\":\"ReadAction\",\"target\":[\"https:\/\/www.levingtdeux.com\/blog\/notre-equipe\/\"]}]},{\"@type\":\"BreadcrumbList\",\"@id\":\"https:\/\/www.levingtdeux.com\/blog\/notre-equipe\/#breadcrumb\",\"itemListElement\":[{\"@type\":\"ListItem\",\"position\":1,\"name\":\"Accueil\",\"item\":\"https:\/\/www.levingtdeux.com\/blog\/\"},{\"@type\":\"ListItem\",\"position\":2,\"name\":\"Notre \\u00e9quipe\"}]}]}<\/script>\n<!-- \/ Yoast SEO plugin. -->","yoast_head_json":{"robots":{"index":"index","follow":"follow","max-snippet":"max-snippet:-1","max-image-preview":"max-image-preview:large","max-video-preview":"max-video-preview:-1"},"canonical":"https:\/\/www.levingtdeux.com\/blog\/notre-equipe\/","og_locale":"fr_FR","og_type":"article","og_title":"Notre \u00e9quipe - Levingtdeux-Blog","og_description":"Bienvenue sur le blog du vingt-deux ! Le vingt-deux, c&rsquo;est avant tout une \u00e9quipe de passionn\u00e9s de vin, qui a cr\u00e9\u00e9 en 2014 un site de vente de vins en ligne: www.levingtdeux.com ; puis en 2016, une cave \u00e0 Montreuil...","og_url":"https:\/\/www.levingtdeux.com\/blog\/notre-equipe\/","og_site_name":"Levingtdeux-Blog","article_modified_time":"2018-07-19T14:19:17+00:00","og_image":[{"url":"http:\/\/www.levingtdeux.com\/blog\/wp-content\/uploads\/2018\/07\/equipe-1024x576.jpg"}],"twitter_card":"summary_large_image","twitter_misc":{"Dur\u00e9e de lecture est.":"1 minute"},"schema":{"@context":"https:\/\/schema.org","@graph":[{"@type":"WebSite","@id":"https:\/\/www.levingtdeux.com\/blog\/#website","url":"https:\/\/www.levingtdeux.com\/blog\/","name":"Levingtdeux-Blog","description":"Du vin, du vin, mais pas que","potentialAction":[{"@type":"SearchAction","target":{"@type":"EntryPoint","urlTemplate":"https:\/\/www.levingtdeux.com\/blog\/?s={search_term_string}"},"query-input":"required name=search_term_string"}],"inLanguage":"fr-FR"},{"@type":"ImageObject","@id":"https:\/\/www.levingtdeux.com\/blog\/notre-equipe\/#primaryimage","inLanguage":"fr-FR","url":"http:\/\/www.levingtdeux.com\/blog\/wp-content\/uploads\/2018\/07\/equipe-1024x576.jpg","contentUrl":"http:\/\/www.levingtdeux.com\/blog\/wp-content\/uploads\/2018\/07\/equipe-1024x576.jpg"},{"@type":"WebPage","@id":"https:\/\/www.levingtdeux.com\/blog\/notre-equipe\/#webpage","url":"https:\/\/www.levingtdeux.com\/blog\/notre-equipe\/","name":"Notre \u00e9quipe - Levingtdeux-Blog","isPartOf":{"@id":"https:\/\/www.levingtdeux.com\/blog\/#website"},"primaryImageOfPage":{"@id":"https:\/\/www.levingtdeux.com\/blog\/notre-equipe\/#primaryimage"},"datePublished":"2015-06-23T11:03:20+00:00","dateModified":"2018-07-19T14:19:17+00:00","breadcrumb":{"@id":"https:\/\/www.levingtdeux.com\/blog\/notre-equipe\/#breadcrumb"},"inLanguage":"fr-FR","potentialAction":[{"@type":"ReadAction","target":["https:\/\/www.levingtdeux.com\/blog\/notre-equipe\/"]}]},{"@type":"BreadcrumbList","@id":"https:\/\/www.levingtdeux.com\/blog\/notre-equipe\/#breadcrumb","itemListElement":[{"@type":"ListItem","position":1,"name":"Accueil","item":"https:\/\/www.levingtdeux.com\/blog\/"},{"@type":"ListItem","position":2,"name":"Notre \u00e9quipe"}]}]}},"_links":{"self":[{"href":"https:\/\/www.levingtdeux.com\/blog\/wp-json\/wp\/v2\/pages\/76"}],"collection":[{"href":"https:\/\/www.levingtdeux.com\/blog\/wp-json\/wp\/v2\/pages"}],"about":[{"href":"https:\/\/www.levingtdeux.com\/blog\/wp-json\/wp\/v2\/types\/page"}],"author":[{"embeddable":true,"href":"https:\/\/www.levingtdeux.com\/blog\/wp-json\/wp\/v2\/users\/1"}],"replies":[{"embeddable":true,"href":"https:\/\/www.levingtdeux.com\/blog\/wp-json\/wp\/v2\/comments?post=76"}],"version-history":[{"count":5,"href":"https:\/\/www.levingtdeux.com\/blog\/wp-json\/wp\/v2\/pages\/76\/revisions"}],"predecessor-version":[{"id":1177,"href":"https:\/\/www.levingtdeux.com\/blog\/wp-json\/wp\/v2\/pages\/76\/revisions\/1177"}],"wp:attachment":[{"href":"https:\/\/www.levingtdeux.com\/blog\/wp-json\/wp\/v2\/media?parent=76"}],"curies":[{"name":"wp","href":"https:\/\/api.w.org\/{rel}","templated":true}]}}